{"id":24,"date":"2018-11-24T17:57:22","date_gmt":"2018-11-24T20:57:22","guid":{"rendered":"http:\/\/connoisseurarte.com\/?page_id=24"},"modified":"2020-09-19T21:02:26","modified_gmt":"2020-09-20T00:02:26","slug":"inicio","status":"publish","type":"page","link":"https:\/\/connoisseurarte.com\/","title":{"rendered":"Inicio"},"content":{"rendered":"<p>\u00a1Bienvenido a tu sitio! Esta es tu p\u00e1gina de inicio, la cual es la que la mayor\u00eda de los visitantes ver\u00e1n cuando entren a tu sitio por primera vez.<\/p>\n","protected":false},"excerpt":{"rendered":"<p>\u00a1Bienvenido a tu sitio! Esta es tu p\u00e1gina de inicio, la cual es la que la mayor\u00eda de los visitantes ver\u00e1n cuando entren a tu sitio por primera vez.<\/p>\n","protected":false},"author":1,"featured_media":0,"parent":0,"menu_order":0,"comment_status":"closed","ping_status":"closed","template":"","meta":{"footnotes":""},"class_list":["post-24","page","type-page","status-publish","hentry"],"jetpack_sharing_enabled":true,"_links":{"self":[{"href":"https:\/\/connoisseurarte.com\/index.php\/wp-json\/wp\/v2\/pages\/24","targetHints":{"allow":["GET"]}}],"collection":[{"href":"https:\/\/connoisseurarte.com\/index.php\/wp-json\/wp\/v2\/pages"}],"about":[{"href":"https:\/\/connoisseurarte.com\/index.php\/wp-json\/wp\/v2\/types\/page"}],"author":[{"embeddable":true,"href":"https:\/\/connoisseurarte.com\/index.php\/wp-json\/wp\/v2\/users\/1"}],"replies":[{"embeddable":true,"href":"https:\/\/connoisseurarte.com\/index.php\/wp-json\/wp\/v2\/comments?post=24"}],"version-history":[{"count":1,"href":"https:\/\/connoisseurarte.com\/index.php\/wp-json\/wp\/v2\/pages\/24\/revisions"}],"predecessor-version":[{"id":27,"href":"https:\/\/connoisseurarte.com\/index.php\/wp-json\/wp\/v2\/pages\/24\/revisions\/27"}],"wp:attachment":[{"href":"https:\/\/connoisseurarte.com\/index.php\/wp-json\/wp\/v2\/media?parent=24"}],"curies":[{"name":"wp","href":"https:\/\/api.w.org\/{rel}","templated":true}]}}