{"id":276,"date":"2018-12-13T14:23:56","date_gmt":"2018-12-13T17:23:56","guid":{"rendered":"http:\/\/connoisseurarte.com\/?page_id=276"},"modified":"2026-03-13T19:30:57","modified_gmt":"2026-03-13T22:30:57","slug":"tasaciones","status":"publish","type":"page","link":"https:\/\/connoisseurarte.com\/index.php\/tasaciones\/","title":{"rendered":"Tasaciones"},"content":{"rendered":"\t\t<div data-elementor-type=\"wp-post\" data-elementor-id=\"276\" class=\"elementor elementor-276\">\n\t\t\t\t\t\t<section class=\"elementor-section elementor-top-section elementor-element elementor-element-80b805a elementor-section-boxed elementor-section-height-default elementor-section-height-default\" data-id=\"80b805a\" data-element_type=\"section\" data-e-type=\"section\">\n\t\t\t\t\t\t<div class=\"elementor-container elementor-column-gap-default\">\n\t\t\t\t\t<div class=\"elementor-column elementor-col-100 elementor-top-column elementor-element elementor-element-6777daa\" data-id=\"6777daa\" data-element_type=\"column\" data-e-type=\"column\">\n\t\t\t<div class=\"elementor-widget-wrap elementor-element-populated\">\n\t\t\t\t\t\t<div class=\"elementor-element elementor-element-8444712 elementor-invisible elementor-widget elementor-widget-image\" data-id=\"8444712\" data-element_type=\"widget\" data-e-type=\"widget\" data-settings=\"{&quot;_animation&quot;:&quot;fadeIn&quot;}\" data-widget_type=\"image.default\">\n\t\t\t\t<div class=\"elementor-widget-container\">\n\t\t\t\t\t\t\t\t\t\t\t\t<figure class=\"wp-caption\">\n\t\t\t\t\t\t\t\t\t\t<img decoding=\"async\" src=\"https:\/\/connoisseurarte.com\/wp-content\/uploads\/elementor\/thumbs\/cot8-o1hwik9eh4lhektko0uy7kcwo9ld5e4kqwfiggvf0k.jpg\" title=\"cot8\" alt=\"cot8\" loading=\"lazy\" \/>\t\t\t\t\t\t\t\t\t\t\t<figcaption class=\"widget-image-caption wp-caption-text\"><\/figcaption>\n\t\t\t\t\t\t\t\t\t\t<\/figure>\n\t\t\t\t\t\t\t\t\t<\/div>\n\t\t\t\t<\/div>\n\t\t\t\t\t<\/div>\n\t\t<\/div>\n\t\t\t\t\t<\/div>\n\t\t<\/section>\n\t\t\t\t<section class=\"elementor-section elementor-top-section elementor-element elementor-element-bc7d569 elementor-section-boxed elementor-section-height-default elementor-section-height-default\" data-id=\"bc7d569\" data-element_type=\"section\" data-e-type=\"section\">\n\t\t\t\t\t\t<div class=\"elementor-container elementor-column-gap-default\">\n\t\t\t\t\t<div class=\"elementor-column elementor-col-100 elementor-top-column elementor-element elementor-element-0ac2456\" data-id=\"0ac2456\" data-element_type=\"column\" data-e-type=\"column\">\n\t\t\t<div class=\"elementor-widget-wrap elementor-element-populated\">\n\t\t\t\t\t\t<div class=\"elementor-element elementor-element-2ce0326 elementor-widget elementor-widget-heading\" data-id=\"2ce0326\" data-element_type=\"widget\" data-e-type=\"widget\" data-widget_type=\"heading.default\">\n\t\t\t\t<div class=\"elementor-widget-container\">\n\t\t\t\t\t<h4 class=\"elementor-heading-title elementor-size-large\">TASACI\u00d3N DE MUEBLES Y ANTIGUEDADES<\/h4>\t\t\t\t<\/div>\n\t\t\t\t<\/div>\n\t\t\t\t<div class=\"elementor-element elementor-element-7677f5d elementor-widget elementor-widget-text-editor\" data-id=\"7677f5d\" data-element_type=\"widget\" data-e-type=\"widget\" data-widget_type=\"text-editor.default\">\n\t\t\t\t<div class=\"elementor-widget-container\">\n\t\t\t\t\t\t\t\t\t<h3>\u00bfQui<img decoding=\"async\" class=\"alignleft wp-image-675\" style=\"outline: #72777c solid 1px; height: 191px; text-align: left; color: #333333; text-transform: none; text-indent: 0px; letter-spacing: normal; font-family: Georgia, ' times new roman', 'bitstream charter', times, serif; font-size: 16px; font-style: normal; font-variant: normal; font-weight: 400; text-decoration: none; word-spacing: 0px; white-space: normal; max-width: 461px; orphans: 2; -webkit-text-stroke-width: 0px; background-color: transparent;\" src=\"https:\/\/connoisseurarte.com\/wp-content\/uploads\/2019\/01\/cot2.jpg\" alt=\"\" width=\"207\" height=\"230\" \/>\u00e9n no tiene un mueble, alfombra u objeto antiguo en su casa? Ya sea por regalo o por haberlo heredado, muchas veces disponemos de piezas que a lo mejor son de colecci\u00f3n y no lo sabemos. \u00bfCu\u00e1ntas veces nos hemos preguntado si tal o cual objeto realmente tienen alg\u00fan valor?<\/h3>\t\t\t\t\t\t\t\t<\/div>\n\t\t\t\t<\/div>\n\t\t\t\t\t<\/div>\n\t\t<\/div>\n\t\t\t\t\t<\/div>\n\t\t<\/section>\n\t\t\t\t<section class=\"elementor-section elementor-top-section elementor-element elementor-element-eeca276 elementor-section-boxed elementor-section-height-default elementor-section-height-default\" data-id=\"eeca276\" data-element_type=\"section\" data-e-type=\"section\">\n\t\t\t\t\t\t<div class=\"elementor-container elementor-column-gap-default\">\n\t\t\t\t\t<div class=\"elementor-column elementor-col-100 elementor-top-column elementor-element elementor-element-b726079\" data-id=\"b726079\" data-element_type=\"column\" data-e-type=\"column\">\n\t\t\t<div class=\"elementor-widget-wrap elementor-element-populated\">\n\t\t\t\t\t\t<div class=\"elementor-element elementor-element-b09f70d elementor-widget elementor-widget-text-editor\" data-id=\"b09f70d\" data-element_type=\"widget\" data-e-type=\"widget\" data-widget_type=\"text-editor.default\">\n\t\t\t\t<div class=\"elementor-widget-container\">\n\t\t\t\t\t\t\t\t\t<h3><img fetchpriority=\"high\" decoding=\"async\" class=\"size-medium wp-image-3425 alignright\" src=\"https:\/\/connoisseurarte.com\/wp-content\/uploads\/2023\/02\/IMG_20230211_143041331-225x300.jpg\" alt=\"\" width=\"225\" height=\"300\" srcset=\"https:\/\/connoisseurarte.com\/wp-content\/uploads\/2023\/02\/IMG_20230211_143041331-225x300.jpg 225w, https:\/\/connoisseurarte.com\/wp-content\/uploads\/2023\/02\/IMG_20230211_143041331-768x1024.jpg 768w, https:\/\/connoisseurarte.com\/wp-content\/uploads\/2023\/02\/IMG_20230211_143041331-1152x1536.jpg 1152w, https:\/\/connoisseurarte.com\/wp-content\/uploads\/2023\/02\/IMG_20230211_143041331-1536x2048.jpg 1536w, https:\/\/connoisseurarte.com\/wp-content\/uploads\/2023\/02\/IMG_20230211_143041331-180x240.jpg 180w, https:\/\/connoisseurarte.com\/wp-content\/uploads\/2023\/02\/IMG_20230211_143041331-135x180.jpg 135w, https:\/\/connoisseurarte.com\/wp-content\/uploads\/2023\/02\/IMG_20230211_143041331-450x600.jpg 450w, https:\/\/connoisseurarte.com\/wp-content\/uploads\/2023\/02\/IMG_20230211_143041331-scaled.jpg 1920w\" sizes=\"(max-width: 225px) 100vw, 225px\" \/>El valor de un objeto antiguo depende de factores clave tales como la antig\u00fcedad de la pieza, el estado de conservaci\u00f3n de la misma y las modificaciones que pudiera haber sufrido. Un correcto estado de preservaci\u00f3n y que el art\u00edculo no tenga modificaciones respecto a su estado original har\u00e1n que el precio suba.<\/h3><h3>Tasar o valorar sus muebles u objetos antiguos no solo le servir\u00e1 para conocer la cantidad de dinero que se estima previsible o que probablemente se pueda obtener de forma razonable en un mercado abierto, sino que tambi\u00e9n puede servirle para presentar o reclamar al seguro.<\/h3><h4>\u00a0<\/h4>\t\t\t\t\t\t\t\t<\/div>\n\t\t\t\t<\/div>\n\t\t\t\t\t<\/div>\n\t\t<\/div>\n\t\t\t\t\t<\/div>\n\t\t<\/section>\n\t\t\t\t<section class=\"elementor-section elementor-top-section elementor-element elementor-element-407283c elementor-section-boxed elementor-section-height-default elementor-section-height-default\" data-id=\"407283c\" data-element_type=\"section\" data-e-type=\"section\">\n\t\t\t\t\t\t<div class=\"elementor-container elementor-column-gap-default\">\n\t\t\t\t\t<div class=\"elementor-column elementor-col-100 elementor-top-column elementor-element elementor-element-7d112b4\" data-id=\"7d112b4\" data-element_type=\"column\" data-e-type=\"column\" data-settings=\"{&quot;background_background&quot;:&quot;gradient&quot;}\">\n\t\t\t<div class=\"elementor-widget-wrap elementor-element-populated\">\n\t\t\t\t\t\t<div class=\"elementor-element elementor-element-6e34942 elementor-widget elementor-widget-heading\" data-id=\"6e34942\" data-element_type=\"widget\" data-e-type=\"widget\" data-widget_type=\"heading.default\">\n\t\t\t\t<div class=\"elementor-widget-container\">\n\t\t\t\t\t<h4 class=\"elementor-heading-title elementor-size-large\">SUCESIONES<\/h4>\t\t\t\t<\/div>\n\t\t\t\t<\/div>\n\t\t\t\t<div class=\"elementor-element elementor-element-b029fdb elementor-invisible elementor-widget elementor-widget-text-editor\" data-id=\"b029fdb\" data-element_type=\"widget\" data-e-type=\"widget\" data-settings=\"{&quot;_animation&quot;:&quot;fadeIn&quot;}\" data-widget_type=\"text-editor.default\">\n\t\t\t\t<div class=\"elementor-widget-container\">\n\t\t\t\t\t\t\t\t\t<h3><img decoding=\"async\" class=\"alignright wp-image-694\" src=\"https:\/\/connoisseurarte.com\/wp-content\/uploads\/2019\/01\/cot4-500x428.jpg\" alt=\"\" width=\"321\" height=\"250\" srcset=\"https:\/\/connoisseurarte.com\/wp-content\/uploads\/2019\/01\/cot4-300x233.jpg 300w, https:\/\/connoisseurarte.com\/wp-content\/uploads\/2019\/01\/cot4-206x160.jpg 206w, https:\/\/connoisseurarte.com\/wp-content\/uploads\/2019\/01\/cot4.jpg 550w\" sizes=\"(max-width: 321px) 100vw, 321px\" \/>Realizamos inventarios detallados de sus muebles, alfombras y objetos antiguos a pedido de herederos o como perito de parte. Es el caso de una familia que necesita realizar un reparto de bienes entre varias partes con motivo de una herencia. Al desconocer el valor de mercado de los bienes heredados, se les hace imposible a los integrantes de la familia saber cu\u00e1nto le corresponder\u00eda a cada familiar.<\/h3><h3>Nosotros nos encargamos de llevar a cabo una valoraci\u00f3n detallada y met\u00f3dica, en virtud de la cual se puede realizar un reparto de bienes justo y objetivo. Como resultado, se agiliza y facilita el reparto de la herencia en porciones equitativas entre las diferentes partes afectadas.<\/h3><h3><b><\/b><b><\/b><br \/><img loading=\"lazy\" decoding=\"async\" class=\"aligncenter wp-image-695\" src=\"https:\/\/connoisseurarte.com\/wp-content\/uploads\/2019\/01\/cot5.jpg\" alt=\"\" width=\"225\" height=\"300\" srcset=\"https:\/\/connoisseurarte.com\/wp-content\/uploads\/2019\/01\/cot5.jpg 337w, https:\/\/connoisseurarte.com\/wp-content\/uploads\/2019\/01\/cot5-225x300.jpg 225w, https:\/\/connoisseurarte.com\/wp-content\/uploads\/2019\/01\/cot5-120x160.jpg 120w\" sizes=\"(max-width: 225px) 100vw, 225px\" \/><\/h3><h3>Nuestro local est\u00e1 ubicado en la Av. del Libertador 14.445, Martinez, prov. de Buenos Aires. Cualquier duda que le pueda surgir, estamos a su total disposici\u00f3n. Por favor complete el formulario con sus datos en la secci\u00f3n Contacto, y a la brevedad nos comunicaremos con usted y lo asesoraremos en su consulta. Vamos a capital y provincia, previo contacto telef\u00f3nico.<\/h3><h3><img loading=\"lazy\" decoding=\"async\" class=\"aligncenter wp-image-696\" src=\"https:\/\/connoisseurarte.com\/wp-content\/uploads\/2019\/01\/cot6.jpg\" alt=\"\" width=\"400\" height=\"225\" srcset=\"https:\/\/connoisseurarte.com\/wp-content\/uploads\/2019\/01\/cot6.jpg 885w, https:\/\/connoisseurarte.com\/wp-content\/uploads\/2019\/01\/cot6-300x168.jpg 300w, https:\/\/connoisseurarte.com\/wp-content\/uploads\/2019\/01\/cot6-768x431.jpg 768w, https:\/\/connoisseurarte.com\/wp-content\/uploads\/2019\/01\/cot6-600x337.jpg 600w, https:\/\/connoisseurarte.com\/wp-content\/uploads\/2019\/01\/cot6-280x157.jpg 280w\" sizes=\"(max-width: 400px) 100vw, 400px\" \/><\/h3><h3>\u00a0<\/h3>\t\t\t\t\t\t\t\t<\/div>\n\t\t\t\t<\/div>\n\t\t\t\t\t<\/div>\n\t\t<\/div>\n\t\t\t\t\t<\/div>\n\t\t<\/section>\n\t\t\t\t<\/div>\n\t\t","protected":false},"excerpt":{"rendered":"<p>TASACI\u00d3N DE MUEBLES Y ANTIGUEDADES \u00bfQui\u00e9n no tiene un mueble, alfombra u objeto antiguo en su casa? Ya sea por regalo o por haberlo heredado, muchas veces disponemos de piezas que a lo mejor son de colecci\u00f3n y no lo sabemos. \u00bfCu\u00e1ntas veces nos hemos preguntado si tal o cual objeto realmente tienen alg\u00fan valor? [&hellip;]<\/p>\n","protected":false},"author":1,"featured_media":0,"parent":0,"menu_order":0,"comment_status":"closed","ping_status":"closed","template":"template-fullwidth.php","meta":{"footnotes":""},"class_list":["post-276","page","type-page","status-publish","hentry"],"jetpack_sharing_enabled":true,"_links":{"self":[{"href":"https:\/\/connoisseurarte.com\/index.php\/wp-json\/wp\/v2\/pages\/276","targetHints":{"allow":["GET"]}}],"collection":[{"href":"https:\/\/connoisseurarte.com\/index.php\/wp-json\/wp\/v2\/pages"}],"about":[{"href":"https:\/\/connoisseurarte.com\/index.php\/wp-json\/wp\/v2\/types\/page"}],"author":[{"embeddable":true,"href":"https:\/\/connoisseurarte.com\/index.php\/wp-json\/wp\/v2\/users\/1"}],"replies":[{"embeddable":true,"href":"https:\/\/connoisseurarte.com\/index.php\/wp-json\/wp\/v2\/comments?post=276"}],"version-history":[{"count":56,"href":"https:\/\/connoisseurarte.com\/index.php\/wp-json\/wp\/v2\/pages\/276\/revisions"}],"predecessor-version":[{"id":3612,"href":"https:\/\/connoisseurarte.com\/index.php\/wp-json\/wp\/v2\/pages\/276\/revisions\/3612"}],"wp:attachment":[{"href":"https:\/\/connoisseurarte.com\/index.php\/wp-json\/wp\/v2\/media?parent=276"}],"curies":[{"name":"wp","href":"https:\/\/api.w.org\/{rel}","templated":true}]}}